{"id":111,"date":"2015-06-07T20:11:07","date_gmt":"2015-06-07T18:11:07","guid":{"rendered":"https:\/\/phacqua.it\/cms\/?page_id=111"},"modified":"2015-06-10T08:41:39","modified_gmt":"2015-06-10T06:41:39","slug":"preventivi","status":"publish","type":"page","link":"https:\/\/phacqua.it\/cms\/preventivi\/","title":{"rendered":"Preventivi"},"content":{"rendered":"\n<div class=\"wpcf7 no-js\" id=\"wpcf7-f161-o1\" lang=\"it-IT\" dir=\"ltr\" data-wpcf7-id=\"161\">\n<div class=\"screen-reader-response\"><p role=\"status\" aria-live=\"polite\" aria-atomic=\"true\"><\/p> <ul><\/ul><\/div>\n<form action=\"\/cms\/wp-json\/wp\/v2\/pages\/111#wpcf7-f161-o1\" method=\"post\" class=\"wpcf7-form init\" aria-label=\"Modulo di contatto\" novalidate=\"novalidate\" data-status=\"init\">\n<fieldset class=\"hidden-fields-container\"><input type=\"hidden\" name=\"_wpcf7\" value=\"161\" \/><input type=\"hidden\" name=\"_wpcf7_version\" value=\"6.1.5\" \/><input type=\"hidden\" name=\"_wpcf7_locale\" value=\"it_IT\" \/><input type=\"hidden\" name=\"_wpcf7_unit_tag\" value=\"wpcf7-f161-o1\" \/><input type=\"hidden\" name=\"_wpcf7_container_post\" value=\"0\" \/><input type=\"hidden\" name=\"_wpcf7_posted_data_hash\" value=\"\" \/>\n<\/fieldset>\n<p>Nome (richiesto)\n<\/p>\n<p><span class=\"wpcf7-form-control-wrap\" data-name=\"your-name\"><input size=\"40\" maxlength=\"400\" class=\"wpcf7-form-control wpcf7-text wpcf7-validates-as-required\" aria-required=\"true\" aria-invalid=\"false\" value=\"\" type=\"text\" name=\"your-name\" \/><\/span>\n<\/p>\n<p>Cognome (richiesto)\n<\/p>\n<p><span class=\"wpcf7-form-control-wrap\" data-name=\"your-surname\"><input size=\"40\" maxlength=\"400\" class=\"wpcf7-form-control wpcf7-text wpcf7-validates-as-required\" aria-required=\"true\" aria-invalid=\"false\" value=\"\" type=\"text\" name=\"your-surname\" \/><\/span>\n<\/p>\n<p>La tua email (richiesto)\n<\/p>\n<p><span class=\"wpcf7-form-control-wrap\" data-name=\"your-email\"><input size=\"40\" maxlength=\"400\" class=\"wpcf7-form-control wpcf7-email wpcf7-validates-as-required wpcf7-text wpcf7-validates-as-email\" aria-required=\"true\" aria-invalid=\"false\" value=\"\" type=\"email\" name=\"your-email\" \/><\/span>\n<\/p>\n<p>Richiesta preventivo su: (richiesto)\n<\/p>\n<p><span class=\"wpcf7-form-control-wrap\" data-name=\"checkbox-237\"><span class=\"wpcf7-form-control wpcf7-checkbox wpcf7-validates-as-required\"><span class=\"wpcf7-list-item first\"><span class=\"wpcf7-list-item-label\">Ionizzatori<\/span><input type=\"checkbox\" name=\"checkbox-237[]\" value=\"Ionizzatori\" \/><\/span><span class=\"wpcf7-list-item\"><span class=\"wpcf7-list-item-label\">Estrattori<\/span><input type=\"checkbox\" name=\"checkbox-237[]\" value=\"Estrattori\" \/><\/span><span class=\"wpcf7-list-item\"><span class=\"wpcf7-list-item-label\">Essiccatori<\/span><input type=\"checkbox\" name=\"checkbox-237[]\" value=\"Essiccatori\" \/><\/span><span class=\"wpcf7-list-item last\"><span class=\"wpcf7-list-item-label\">Filtri<\/span><input type=\"checkbox\" name=\"checkbox-237[]\" value=\"Filtri\" \/><\/span><\/span><\/span>\n<\/p>\n<p>Il tuo messaggio\n<\/p>\n<p><span class=\"wpcf7-form-control-wrap\" data-name=\"your-message\"><textarea cols=\"40\" rows=\"10\" maxlength=\"2000\" class=\"wpcf7-form-control wpcf7-textarea\" aria-invalid=\"false\" name=\"your-message\"><\/textarea><\/span>\n<\/p>\n<p>LA RISPOSTA NON \u00e8 AUTOMATICA, verr\u00e0 processata successivamente. Ricever\u00e0 l'mail con le credenziali d'accesso all'area riservata ed il numero della Sua tessera.\n<\/p>\n<h7>Privacy (D.Lgs. 196\/2003) PH Acqua garantisce che i dati anagrafici da Lei indicati saranno trattati in ottemperanza a quanto previsto dall\u2019art. 13 del D.Lgs. 196\/2003 e potranno essere trasmessi alle funzioni interne o esterne competenti per espletare le procedure associative, amministrative o contabili; potranno essere utilizzati per l\u2019invio di materiale informativo sull\u2019Associazione e sull\u2019attivit\u00e0 organizzata.\n<\/h7>\n<p>Acconsento <span class=\"wpcf7-form-control-wrap\" data-name=\"acceptance-365\"><span class=\"wpcf7-form-control wpcf7-acceptance\"><span class=\"wpcf7-list-item\"><input type=\"checkbox\" name=\"acceptance-365\" value=\"1\" aria-invalid=\"false\" \/><\/span><\/span><\/span>\n<\/p>\n<p><input class=\"wpcf7-form-control wpcf7-submit has-spinner\" type=\"submit\" value=\"Invia\" \/>\n<\/p><div class=\"wpcf7-response-output\" aria-hidden=\"true\"><\/div>\n<\/form>\n<\/div>\n\n","protected":false},"excerpt":{"rendered":"","protected":false},"author":4,"featured_media":0,"parent":0,"menu_order":0,"comment_status":"closed","ping_status":"closed","template":"","meta":{"_et_pb_use_builder":"","_et_pb_old_content":"","_et_gb_content_width":"","footnotes":""},"class_list":["post-111","page","type-page","status-publish","hentry"],"yoast_head":"<!-- This site is optimized with the Yoast SEO plugin v27.6 - https:\/\/yoast.com\/product\/yoast-seo-wordpress\/ -->\n<title>Preventivi - PH Acqua<\/title>\n<meta name=\"robots\" content=\"index, follow, max-snippet:-1, max-image-preview:large, max-video-preview:-1\" \/>\n<link rel=\"canonical\" href=\"https:\/\/phacqua.it\/cms\/preventivi\/\" \/>\n<meta property=\"og:locale\" content=\"it_IT\" \/>\n<meta property=\"og:type\" content=\"article\" \/>\n<meta property=\"og:title\" content=\"Preventivi - PH Acqua\" \/>\n<meta property=\"og:url\" content=\"https:\/\/phacqua.it\/cms\/preventivi\/\" \/>\n<meta property=\"og:site_name\" content=\"PH Acqua\" \/>\n<meta property=\"article:publisher\" content=\"https:\/\/www.facebook.com\/phacqua\/\" \/>\n<meta property=\"article:modified_time\" content=\"2015-06-10T06:41:39+00:00\" \/>\n<meta property=\"og:image\" content=\"https:\/\/phacqua.it\/cms\/wp-content\/uploads\/2015\/08\/logophacquapiccolo.png\" \/>\n\t<meta property=\"og:image:width\" content=\"308\" \/>\n\t<meta property=\"og:image:height\" content=\"102\" \/>\n\t<meta property=\"og:image:type\" content=\"image\/png\" \/>\n<script type=\"application\/ld+json\" class=\"yoast-schema-graph\">{\"@context\":\"https:\\\/\\\/schema.org\",\"@graph\":[{\"@type\":\"WebPage\",\"@id\":\"https:\\\/\\\/phacqua.it\\\/cms\\\/preventivi\\\/\",\"url\":\"https:\\\/\\\/phacqua.it\\\/cms\\\/preventivi\\\/\",\"name\":\"Preventivi - PH Acqua\",\"isPartOf\":{\"@id\":\"https:\\\/\\\/phacqua.it\\\/cms\\\/#website\"},\"datePublished\":\"2015-06-07T18:11:07+00:00\",\"dateModified\":\"2015-06-10T06:41:39+00:00\",\"breadcrumb\":{\"@id\":\"https:\\\/\\\/phacqua.it\\\/cms\\\/preventivi\\\/#breadcrumb\"},\"inLanguage\":\"it-IT\",\"potentialAction\":[{\"@type\":\"ReadAction\",\"target\":[\"https:\\\/\\\/phacqua.it\\\/cms\\\/preventivi\\\/\"]}]},{\"@type\":\"BreadcrumbList\",\"@id\":\"https:\\\/\\\/phacqua.it\\\/cms\\\/preventivi\\\/#breadcrumb\",\"itemListElement\":[{\"@type\":\"ListItem\",\"position\":1,\"name\":\"Home\",\"item\":\"https:\\\/\\\/phacqua.it\\\/cms\\\/\"},{\"@type\":\"ListItem\",\"position\":2,\"name\":\"Preventivi\"}]},{\"@type\":\"WebSite\",\"@id\":\"https:\\\/\\\/phacqua.it\\\/cms\\\/#website\",\"url\":\"https:\\\/\\\/phacqua.it\\\/cms\\\/\",\"name\":\"PH Acqua\",\"description\":\"PH Acqua\",\"publisher\":{\"@id\":\"https:\\\/\\\/phacqua.it\\\/cms\\\/#organization\"},\"potentialAction\":[{\"@type\":\"SearchAction\",\"target\":{\"@type\":\"EntryPoint\",\"urlTemplate\":\"https:\\\/\\\/phacqua.it\\\/cms\\\/?s={search_term_string}\"},\"query-input\":{\"@type\":\"PropertyValueSpecification\",\"valueRequired\":true,\"valueName\":\"search_term_string\"}}],\"inLanguage\":\"it-IT\"},{\"@type\":\"Organization\",\"@id\":\"https:\\\/\\\/phacqua.it\\\/cms\\\/#organization\",\"name\":\"PH Acqua\",\"url\":\"https:\\\/\\\/phacqua.it\\\/cms\\\/\",\"logo\":{\"@type\":\"ImageObject\",\"inLanguage\":\"it-IT\",\"@id\":\"https:\\\/\\\/phacqua.it\\\/cms\\\/#\\\/schema\\\/logo\\\/image\\\/\",\"url\":\"https:\\\/\\\/phacqua.it\\\/cms\\\/wp-content\\\/uploads\\\/2015\\\/08\\\/logophacquapiccolo.png\",\"contentUrl\":\"https:\\\/\\\/phacqua.it\\\/cms\\\/wp-content\\\/uploads\\\/2015\\\/08\\\/logophacquapiccolo.png\",\"width\":308,\"height\":102,\"caption\":\"PH Acqua\"},\"image\":{\"@id\":\"https:\\\/\\\/phacqua.it\\\/cms\\\/#\\\/schema\\\/logo\\\/image\\\/\"},\"sameAs\":[\"https:\\\/\\\/www.facebook.com\\\/phacqua\\\/\"]}]}<\/script>\n<!-- \/ Yoast SEO plugin. -->","yoast_head_json":{"title":"Preventivi - PH Acqua","robots":{"index":"index","follow":"follow","max-snippet":"max-snippet:-1","max-image-preview":"max-image-preview:large","max-video-preview":"max-video-preview:-1"},"canonical":"https:\/\/phacqua.it\/cms\/preventivi\/","og_locale":"it_IT","og_type":"article","og_title":"Preventivi - PH Acqua","og_url":"https:\/\/phacqua.it\/cms\/preventivi\/","og_site_name":"PH Acqua","article_publisher":"https:\/\/www.facebook.com\/phacqua\/","article_modified_time":"2015-06-10T06:41:39+00:00","og_image":[{"width":308,"height":102,"url":"https:\/\/phacqua.it\/cms\/wp-content\/uploads\/2015\/08\/logophacquapiccolo.png","type":"image\/png"}],"schema":{"@context":"https:\/\/schema.org","@graph":[{"@type":"WebPage","@id":"https:\/\/phacqua.it\/cms\/preventivi\/","url":"https:\/\/phacqua.it\/cms\/preventivi\/","name":"Preventivi - PH Acqua","isPartOf":{"@id":"https:\/\/phacqua.it\/cms\/#website"},"datePublished":"2015-06-07T18:11:07+00:00","dateModified":"2015-06-10T06:41:39+00:00","breadcrumb":{"@id":"https:\/\/phacqua.it\/cms\/preventivi\/#breadcrumb"},"inLanguage":"it-IT","potentialAction":[{"@type":"ReadAction","target":["https:\/\/phacqua.it\/cms\/preventivi\/"]}]},{"@type":"BreadcrumbList","@id":"https:\/\/phacqua.it\/cms\/preventivi\/#breadcrumb","itemListElement":[{"@type":"ListItem","position":1,"name":"Home","item":"https:\/\/phacqua.it\/cms\/"},{"@type":"ListItem","position":2,"name":"Preventivi"}]},{"@type":"WebSite","@id":"https:\/\/phacqua.it\/cms\/#website","url":"https:\/\/phacqua.it\/cms\/","name":"PH Acqua","description":"PH Acqua","publisher":{"@id":"https:\/\/phacqua.it\/cms\/#organization"},"potentialAction":[{"@type":"SearchAction","target":{"@type":"EntryPoint","urlTemplate":"https:\/\/phacqua.it\/cms\/?s={search_term_string}"},"query-input":{"@type":"PropertyValueSpecification","valueRequired":true,"valueName":"search_term_string"}}],"inLanguage":"it-IT"},{"@type":"Organization","@id":"https:\/\/phacqua.it\/cms\/#organization","name":"PH Acqua","url":"https:\/\/phacqua.it\/cms\/","logo":{"@type":"ImageObject","inLanguage":"it-IT","@id":"https:\/\/phacqua.it\/cms\/#\/schema\/logo\/image\/","url":"https:\/\/phacqua.it\/cms\/wp-content\/uploads\/2015\/08\/logophacquapiccolo.png","contentUrl":"https:\/\/phacqua.it\/cms\/wp-content\/uploads\/2015\/08\/logophacquapiccolo.png","width":308,"height":102,"caption":"PH Acqua"},"image":{"@id":"https:\/\/phacqua.it\/cms\/#\/schema\/logo\/image\/"},"sameAs":["https:\/\/www.facebook.com\/phacqua\/"]}]}},"_links":{"self":[{"href":"https:\/\/phacqua.it\/cms\/wp-json\/wp\/v2\/pages\/111","targetHints":{"allow":["GET"]}}],"collection":[{"href":"https:\/\/phacqua.it\/cms\/wp-json\/wp\/v2\/pages"}],"about":[{"href":"https:\/\/phacqua.it\/cms\/wp-json\/wp\/v2\/types\/page"}],"author":[{"embeddable":true,"href":"https:\/\/phacqua.it\/cms\/wp-json\/wp\/v2\/users\/4"}],"replies":[{"embeddable":true,"href":"https:\/\/phacqua.it\/cms\/wp-json\/wp\/v2\/comments?post=111"}],"version-history":[{"count":0,"href":"https:\/\/phacqua.it\/cms\/wp-json\/wp\/v2\/pages\/111\/revisions"}],"wp:attachment":[{"href":"https:\/\/phacqua.it\/cms\/wp-json\/wp\/v2\/media?parent=111"}],"curies":[{"name":"wp","href":"https:\/\/api.w.org\/{rel}","templated":true}]}}